{"id":17,"date":"2018-04-05T22:31:51","date_gmt":"2018-04-05T22:31:51","guid":{"rendered":"http:\/\/rhyblaech.ch\/?page_id=17"},"modified":"2021-08-01T21:24:12","modified_gmt":"2021-08-01T21:24:12","slug":"impressionen","status":"publish","type":"page","link":"http:\/\/rhyblaech.ch\/?page_id=17","title":{"rendered":"Impressionen"},"content":{"rendered":"<pre><strong>Bilder und Auftritte<\/strong><\/pre>\n<p><strong>\u00a0 Videos: <a href=\"https:\/\/www.youtube.com\/channel\/UCfOdZ4JaMfZFVU-pjhknrjA\" target=\"_blank\" rel=\"noopener\">Auftritt Februar 2020 in H\u00f6chenschwand &#8211; Haus des Gastes<\/a><\/strong><\/p>\n<p><iframe loading=\"lazy\" title=\"Rhy Bl\u00e4ch - Euphoria\" width=\"662\" height=\"372\" src=\"https:\/\/www.youtube.com\/embed\/EfqCzeFdnCk?feature=oembed\" frameborder=\"0\" allow=\"accelerometer; autoplay; clipboard-write; encrypted-media; gyroscope; picture-in-picture; web-share\" allowfullscreen><\/iframe><\/p>\n<p><iframe loading=\"lazy\" title=\"Rhy Bl\u00e4ch - Gruss an St. Georgen\" width=\"662\" height=\"372\" src=\"https:\/\/www.youtube.com\/embed\/YhS7W3w_Xuk?feature=oembed\" frameborder=\"0\" allow=\"accelerometer; autoplay; clipboard-write; encrypted-media; gyroscope; picture-in-picture; web-share\" allowfullscreen><\/iframe><\/p>\n<p><iframe loading=\"lazy\" title=\"Rhy Bl\u00e4ch - F\u00fcr die Kleinen\" width=\"662\" height=\"372\" src=\"https:\/\/www.youtube.com\/embed\/YmbB9UOa02E?feature=oembed\" frameborder=\"0\" allow=\"accelerometer; autoplay; clipboard-write; encrypted-media; gyroscope; picture-in-picture\" allowfullscreen><\/iframe><\/p>\n<p><strong>\u00a0 \u00a0Video: <a href=\"https:\/\/youtu.be\/ct5RAyoOJpg\" target=\"_blank\" rel=\"noopener\">Auftritt August 2019 in H\u00f6chenschwand &#8211; Haus des Gastes<\/a><\/strong><\/p>\n<p><iframe loading=\"lazy\" src=\"https:\/\/www.youtube.com\/embed\/ct5RAyoOJpg\" width=\"560\" height=\"315\" frameborder=\"0\" allowfullscreen=\"allowfullscreen\"><\/iframe><\/p>\n<p><strong>\u00a0 \u00a0Bilder<\/strong><\/p>\n<ul>\n<li><a href=\"http:\/\/rhyblaech.ch\/?page_id=120\"><strong>Probenwochenende 2019 Tessin<\/strong><\/a><\/li>\n<\/ul>\n<pre><strong>Pressemitteilungen<\/strong><\/pre>\n<p><strong><a href=\"http:\/\/www.badische-zeitung.de\/rheinfelden\/boehmischer-oktober-mit-rhy-blaech--143888480.html\"><em>Badische Zeitung: Di, 24. Oktober 2017<\/em><\/a><\/strong><\/p>\n<p>B\u00f6hmischer Oktober mit &#8222;Rhy Bl\u00e4ch&#8220;<\/p>\n<p>Die Polka-Combo unterh\u00e4lt im Kaiser gut mit deftiger Blasmusik zu einem deftigen Essen.<\/p>\n<p><a href=\"http:\/\/www.badische-zeitung.de\/rheinfelden\/boehmischer-oktober-mit-rhy-blaech--143888480.html\"><img loading=\"lazy\" class=\"size-medium wp-image-39\" src=\"http:\/\/rhyblaech.ch\/wp-content\/uploads\/2018\/04\/IMG-20171022-WA0008-300x225.jpg\" alt=\"\" width=\"300\" height=\"225\" srcset=\"http:\/\/rhyblaech.ch\/wp-content\/uploads\/2018\/04\/IMG-20171022-WA0008-300x225.jpg 300w, http:\/\/rhyblaech.ch\/wp-content\/uploads\/2018\/04\/IMG-20171022-WA0008-768x576.jpg 768w, http:\/\/rhyblaech.ch\/wp-content\/uploads\/2018\/04\/IMG-20171022-WA0008-1024x768.jpg 1024w, http:\/\/rhyblaech.ch\/wp-content\/uploads\/2018\/04\/IMG-20171022-WA0008-480x360.jpg 480w, http:\/\/rhyblaech.ch\/wp-content\/uploads\/2018\/04\/IMG-20171022-WA0008-1216x912.jpg 1216w, http:\/\/rhyblaech.ch\/wp-content\/uploads\/2018\/04\/IMG-20171022-WA0008-333x250.jpg 333w, http:\/\/rhyblaech.ch\/wp-content\/uploads\/2018\/04\/IMG-20171022-WA0008.jpg 1280w\" sizes=\"(max-width: 300px) 100vw, 300px\" \/><\/a><\/p>\n","protected":false},"excerpt":{"rendered":"<p>Bilder und Auftritte \u00a0 Videos: Auftritt Februar 2020 in H\u00f6chenschwand &#8211; Haus des Gastes \u00a0 \u00a0Video: Auftritt August 2019 in H\u00f6chenschwand &#8211; Haus des Gastes \u00a0 \u00a0Bilder Probenwochenende 2019 Tessin Pressemitteilungen Badische Zeitung: Di, 24. Oktober 2017 B\u00f6hmischer Oktober mit &#8222;Rhy Bl\u00e4ch&#8220; Die Polka-Combo unterh\u00e4lt im Kaiser gut mit deftiger Blasmusik zu einem deftigen Essen.<\/p>\n","protected":false},"author":1,"featured_media":0,"parent":0,"menu_order":0,"comment_status":"closed","ping_status":"closed","template":"","meta":[],"_links":{"self":[{"href":"http:\/\/rhyblaech.ch\/index.php?rest_route=\/wp\/v2\/pages\/17"}],"collection":[{"href":"http:\/\/rhyblaech.ch\/index.php?rest_route=\/wp\/v2\/pages"}],"about":[{"href":"http:\/\/rhyblaech.ch\/index.php?rest_route=\/wp\/v2\/types\/page"}],"author":[{"embeddable":true,"href":"http:\/\/rhyblaech.ch\/index.php?rest_route=\/wp\/v2\/users\/1"}],"replies":[{"embeddable":true,"href":"http:\/\/rhyblaech.ch\/index.php?rest_route=%2Fwp%2Fv2%2Fcomments&post=17"}],"version-history":[{"count":11,"href":"http:\/\/rhyblaech.ch\/index.php?rest_route=\/wp\/v2\/pages\/17\/revisions"}],"predecessor-version":[{"id":159,"href":"http:\/\/rhyblaech.ch\/index.php?rest_route=\/wp\/v2\/pages\/17\/revisions\/159"}],"wp:attachment":[{"href":"http:\/\/rhyblaech.ch\/index.php?rest_route=%2Fwp%2Fv2%2Fmedia&parent=17"}],"curies":[{"name":"wp","href":"https:\/\/api.w.org\/{rel}","templated":true}]}}